{"id":1494,"date":"2024-05-19T15:57:08","date_gmt":"2024-05-19T15:57:08","guid":{"rendered":"https:\/\/montessoribabyhouse.com\/?page_id=1494"},"modified":"2024-05-19T15:57:08","modified_gmt":"2024-05-19T15:57:08","slug":"politica-de-cookies","status":"publish","type":"page","link":"https:\/\/montessoribabyhouse.com\/en\/politica-de-cookies\/","title":{"rendered":"Pol\u00edtica de Cookies"},"content":{"rendered":"<p>Este sitio web utiliza cookies.<br \/>\nLa LSSI obliga a los responsables de p\u00e1ginas web a informar y pedir el consentimiento del usuario para utilizar las cookies, aunque no todas las cookies necesitan el consentimiento del usuario para ser utilizadas.<br \/>\nEl objetivo de esta p\u00e1gina web es la de facilitarte informaci\u00f3n acerca del uso de cookies de este sitio, para que as\u00ed puedas dar tu consentimiento al uso de las cookies con informaci\u00f3n al respecto.<\/p>\n<p><b><i>\u00bfC\u00f3mo te vamos a pedir el consentimiento para el uso de las cookies de nuestro sitio?<\/i><\/b><br \/>\nLa primera vez que accedes a nuestro sitio web vas a ver un banner o una especie de anuncio con un texto que dice: \u00abEste sitio web utiliza cookies. Si continuas navegando entendemos que aceptas su uso (pulsar bot\u00f3n \u00abde acuerdo\u00bb). M\u00e1s informaci\u00f3n acerca de cookies.\u00bb A partir de ese momento t\u00fa decides si quieres seguir navegando por nuestro sitio o si prefieres salir porque no quieres cookies.<\/p>\n<p><b><i>\u00bfQu\u00e9 son las cookies?<\/i><\/b><br \/>\nLas cookies son archivos peque\u00f1os, que las p\u00e1ginas web que visitas, env\u00edan y almacenan en tu ordenador. Las cookies se almacenan en el directorio de archivos de tu navegador.<\/p>\n<p><i>\u00bfPara qu\u00e9 se utilizan las cookies?<\/i><br \/>\nLas Cookies se utilizan para personalizar y facilitar al m\u00e1ximo la navegaci\u00f3n del Usuario. Las Cookies se asocian \u00fanicamente a un Usuario an\u00f3nimo y a su ordenador y no proporcionan referencias que permitan deducir datos personales del Usuario<\/p>\n<p><b><i>\u00bfSon peligrosas las cookies?<\/i><\/b><br \/>\nNo.<\/p>\n<p>Las cookies son peque\u00f1as piezas de texto. No son programas inform\u00e1ticos que puedan ejecutarse como c\u00f3digo. Este es un ejemplo del contenido de una t\u00edpica cookie:<\/p>\n<p>HMP1 1 hotmail.msn.com\/ 0 1715191808<br \/>\n32107852 1236821008 29449527 *<br \/>\nEl c\u00f3digo solo tiene sentido para Microsoft&#8217;s MSN Hotmail servers.<br \/>\nLas cookies no pueden utilizarse para propagar virus.<br \/>\nLas cookies se almacenan en el disco del ordenador y no pueden leer otra informaci\u00f3n grabada en el disco duro.<br \/>\nAdem\u00e1s los navegadores web ofrecen a los usuarios herramientas para controlar el uso de las cookies.<\/p>\n<p><b><i>\u00bfQu\u00e9 tipos de cookies se utilizan normalmente?<\/i><\/b><br \/>\nPodemos hacer diferentes clasificaciones de las cookies que se utilizan<br \/>\n<b>1.-Desde el punto de vista del consentimiento del usuario, podemos clasificarlas:<\/b><br \/>\nCookies estrictamente necesarias, que no necesitan consentimiento del usuario<br \/>\nSon cookies utilizadas para alguna de las siguientes finalidades:<br \/>\nPermitir \u00fanicamente la comunicaci\u00f3n entre el equipo del usuario y la red.<br \/>\nEstrictamente prestar un servicio expresamente solicitado por el usuario.<br \/>\nEn este sentido el Grupo de Trabajo del Art\u00edculo 29 en su Dictamen 4\/20123 ha interpretado que entre las cookies exceptuadas estar\u00edan aquellas que tienen por finalidad:<\/p>\n<p>Cookies de \u00abentrada del usuario<br \/>\nCookies de autenticaci\u00f3n o identificaci\u00f3n de usuario (\u00fanicamente de sesi\u00f3n)<br \/>\nCookies de seguridad del usuario<br \/>\nCookies de sesi\u00f3n de reproductor multimedia<br \/>\nCookies de sesi\u00f3n para equilibrar la carga<br \/>\nCookies de personalizaci\u00f3n de la interfaz de usuario<br \/>\nCookies de complemento (plug-in) para intercambiar contenidos sociales<br \/>\nCookies que necesitan consentimiento del usuario<br \/>\nSon el resto de cookies no incluidas en el apartado anterior<\/p>\n<p><b>2.- Desde el punto de vista de la finalidad para la que se utilizan:<\/b><br \/>\nCookies t\u00e9cnicas<br \/>\nCookies de personalizaci\u00f3n<br \/>\nCookies de an\u00e1lisis<br \/>\nCookies publicitarias<br \/>\nCookies de publicidad comportamental<\/p>\n<p><b>3.-En funci\u00f3n del tiempo que permanecen activas en el equipo del usuario<\/b><br \/>\nCookies de sesi\u00f3n<br \/>\nCookies persistentes<\/p>\n<p><b>4.-En funci\u00f3n de la entidad que las gestiona<\/b><br \/>\nCookies propias: Son aqu\u00e9llas que se env\u00edan al equipo terminal del usuario desde un equipo o dominio gestionado por el propio editor y desde el que se presta el servicio solicitado por el usuario.<br \/>\nCookies de terceros: Son aqu\u00e9llas que se env\u00edan al equipo terminal del usuario desde un equipo o dominio que no es gestionado por el editor, sino por otra entidad que trata los datos obtenidos a trav\u00e9s de las cookies.<br \/>\nEn el caso de que las cookies sean instaladas desde un equipo o dominio gestionado por el propio editor pero la informaci\u00f3n que se recoja mediante \u00e9stas sea gestionada por un tercero, no pueden ser consideradas como cookies propias.<\/p>\n<p><b><i>\u00bfQu\u00e9 tipo de cookies utiliza este sitio web?<\/i><\/b><br \/>\nEste sitio web utiliza:<br \/>\nCookies T\u00e9cnicas estrictamente necesarias para el funcionamiento adecuado de nuestro sitio web.<br \/>\nPor ejemplo las cookies necesarias para el registro de usuarios, para gestionar el carrito de la compra<br \/>\nCookies de WordPress para facilitar la navegaci\u00f3n del usuario por nuestro sitio web<br \/>\nCookies de Paypal para gestionar el pago de los pedidos<br \/>\nCookies sociales necesarias para redes sociales externas<br \/>\nCookies de an\u00e1lisis. Son las cookies relacionadas con Google Analytics. M\u00e1s informaci\u00f3n sobre las cookies de Google Analytics<br \/>\n<a href=\"https:\/\/developers.google.com\/analytics\/devguides\/collection\/analyticsjs\/cookie-usage\">https:\/\/developers.google.com\/analytics\/devguides\/collection\/analyticsjs\/cookie-usage<\/a><br \/>\nCookies de Youtube, para insertar videos en nuestra p\u00e1gina web<\/p>\n<p><b><i>\u00bfC\u00f3mo se pueden gestionar\/bloquear las cookies en los navegadores?<\/i><\/b><br \/>\nTodos los navegadores permiten gestionar la privacidad y el uso de las cookies, llegando al extremo de poder bloquear el uso de las cookies.<br \/>\nAdjuntamos enlaces con informaci\u00f3n para distintos tipos de navegadores<br \/>\nGoogle Chrome\u00a0<a href=\"https:\/\/support.google.com\/chrome\/answer\/95647?hl=es\">https:\/\/support.google.com\/chrome\/answer\/95647?hl=es<\/a><br \/>\nFirefox<br \/>\n<a href=\"http:\/\/support.mozilla.org\/es\/kb\/configuracion-de-la-privacidad-el-historial-de-nav?redirectlocale=es&amp;as=u&amp;redirectslug=Ventana+Opciones+-+Panel+Privacidad\">http:\/\/support.mozilla.org\/es\/kb\/configuracion-de-la-privacidad-el-historial-de-nav?redirectlocale=es&amp;as=u&amp;redirectslug=Ventana+Opciones+-+Panel+Privacidad<\/a><br \/>\n<a href=\"http:\/\/support.mozilla.org\/es\/kb\/cookies-informacion-que-los-sitios-web-guardan-en-?redirectlocale=en-US&amp;redirectslug=Cookies\">http:\/\/support.mozilla.org\/es\/kb\/cookies-informacion-que-los-sitios-web-guardan-en-?redirectlocale=en-US&amp;redirectslug=Cookies<\/a><br \/>\nInternet Explorer\u00a0<a href=\"http:\/\/support.mozilla.org\/es\/kb\/cookies-informacion-que-los-sitios-web-guardan-en-?redirectlocale=en-US&amp;redirectslug=Cookies\">http:\/\/windows.microsoft.com\/es-ES\/windows7\/How-to-manage-cookies-in-Internet-Explorer-9<\/a><br \/>\nSafari http:\/\/support.apple.com\/kb\/PH5042<br \/>\nGoogle ha desarrollado un complemento de inhabilitaci\u00f3n de Google Analytics para navegadores al que puede acceder en el siguiente enlace:\u00a0<a href=\"https:\/\/tools.google.com\/dlpage\/gaoptout\">https:\/\/tools.google.com\/dlpage\/gaoptout<\/a><\/p>\n<p><b><i>M\u00e1s informaci\u00f3n acerca de las cookies<\/i><\/b><br \/>\nGu\u00eda de AEPD acerca del uso de cookies<br \/>\n<a href=\"http:\/\/www.agpd.es\/portalwebAGPD\/canaldocumentacion\/publicaciones\/common\/Guias\/Guia_Cookies.pdf%3C\/a%3E\">http:\/\/www.agpd.es\/portalwebAGPD\/canaldocumentacion\/ publicaciones\/common\/Guias\/Guia_Cookies.pdf<\/a><br \/>\nUna p\u00e1gina web con bastante informaci\u00f3n acerca de las cookies es:<br \/>\n<a href=\"http:\/\/www.aboutcookies.org\/default.aspx\">http:\/\/www.aboutcookies.org\/default.aspx<\/a><\/p>","protected":false},"excerpt":{"rendered":"<p>Este sitio web utiliza cookies. La LSSI obliga a los responsables de p\u00e1ginas web a informar y pedir el consentimiento del usuario para utilizar las cookies, aunque no todas las cookies necesitan el consentimiento del usuario para ser utilizadas. El objetivo de esta p\u00e1gina web es la de facilitarte informaci\u00f3n acerca del uso de cookies [&hellip;]<\/p>\n","protected":false},"author":1,"featured_media":0,"parent":0,"menu_order":0,"comment_status":"closed","ping_status":"closed","template":"","meta":{"_et_pb_use_builder":"","_et_pb_old_content":"","_et_gb_content_width":"","_joinchat":[],"footnotes":""},"class_list":["post-1494","page","type-page","status-publish","hentry"],"yoast_head":"<!-- This site is optimized with the Yoast SEO plugin v27.3 - https:\/\/yoast.com\/product\/yoast-seo-wordpress\/ -->\n<title>Pol\u00edtica de Cookies | montessoribabyhouse.com<\/title>\n<meta name=\"robots\" content=\"index, follow, max-snippet:-1, max-image-preview:large, max-video-preview:-1\" \/>\n<link rel=\"canonical\" href=\"https:\/\/montessoribabyhouse.com\/en\/politica-de-cookies\/\" \/>\n<meta property=\"og:locale\" content=\"en_GB\" \/>\n<meta property=\"og:type\" content=\"article\" \/>\n<meta property=\"og:title\" content=\"Pol\u00edtica de Cookies | montessoribabyhouse.com\" \/>\n<meta property=\"og:description\" content=\"Este sitio web utiliza cookies. La LSSI obliga a los responsables de p\u00e1ginas web a informar y pedir el consentimiento del usuario para utilizar las cookies, aunque no todas las cookies necesitan el consentimiento del usuario para ser utilizadas. El objetivo de esta p\u00e1gina web es la de facilitarte informaci\u00f3n acerca del uso de cookies [&hellip;]\" \/>\n<meta property=\"og:url\" content=\"https:\/\/montessoribabyhouse.com\/en\/politica-de-cookies\/\" \/>\n<meta property=\"og:site_name\" content=\"montessoribabyhouse.com\" \/>\n<meta property=\"article:publisher\" content=\"https:\/\/www.facebook.com\/montessoribabyhouse\/\" \/>\n<meta property=\"og:image\" content=\"https:\/\/montessoribabyhouse.com\/wp-content\/uploads\/2021\/08\/avatarinstagram.jpg\" \/>\n\t<meta property=\"og:image:width\" content=\"320\" \/>\n\t<meta property=\"og:image:height\" content=\"320\" \/>\n\t<meta property=\"og:image:type\" content=\"image\/jpeg\" \/>\n<meta name=\"twitter:card\" content=\"summary_large_image\" \/>\n<meta name=\"twitter:site\" content=\"@Montessoribaby2\" \/>\n<script type=\"application\/ld+json\" class=\"yoast-schema-graph\">{\"@context\":\"https:\\\/\\\/schema.org\",\"@graph\":[{\"@type\":\"WebPage\",\"@id\":\"https:\\\/\\\/montessoribabyhouse.com\\\/politica-de-cookies\\\/\",\"url\":\"https:\\\/\\\/montessoribabyhouse.com\\\/politica-de-cookies\\\/\",\"name\":\"Pol\u00edtica de Cookies | montessoribabyhouse.com\",\"isPartOf\":{\"@id\":\"https:\\\/\\\/montessoribabyhouse.com\\\/#website\"},\"datePublished\":\"2024-05-19T15:57:08+00:00\",\"breadcrumb\":{\"@id\":\"https:\\\/\\\/montessoribabyhouse.com\\\/politica-de-cookies\\\/#breadcrumb\"},\"inLanguage\":\"en-GB\",\"potentialAction\":[{\"@type\":\"ReadAction\",\"target\":[\"https:\\\/\\\/montessoribabyhouse.com\\\/politica-de-cookies\\\/\"]}]},{\"@type\":\"BreadcrumbList\",\"@id\":\"https:\\\/\\\/montessoribabyhouse.com\\\/politica-de-cookies\\\/#breadcrumb\",\"itemListElement\":[{\"@type\":\"ListItem\",\"position\":1,\"name\":\"Portada\",\"item\":\"https:\\\/\\\/montessoribabyhouse.com\\\/\"},{\"@type\":\"ListItem\",\"position\":2,\"name\":\"Pol\u00edtica de Cookies\"}]},{\"@type\":\"WebSite\",\"@id\":\"https:\\\/\\\/montessoribabyhouse.com\\\/#website\",\"url\":\"https:\\\/\\\/montessoribabyhouse.com\\\/\",\"name\":\"Montessori Baby House\",\"description\":\"Montessori Baby House es el primer centro triling\u00fce infantil en Espa\u00f1a que combina el concepto de educaci\u00f3n temprana con m\u00e9todos de probada eficacia en el aprendizaje\",\"publisher\":{\"@id\":\"https:\\\/\\\/montessoribabyhouse.com\\\/#organization\"},\"alternateName\":\"MBH\",\"potentialAction\":[{\"@type\":\"SearchAction\",\"target\":{\"@type\":\"EntryPoint\",\"urlTemplate\":\"https:\\\/\\\/montessoribabyhouse.com\\\/?s={search_term_string}\"},\"query-input\":{\"@type\":\"PropertyValueSpecification\",\"valueRequired\":true,\"valueName\":\"search_term_string\"}}],\"inLanguage\":\"en-GB\"},{\"@type\":\"Organization\",\"@id\":\"https:\\\/\\\/montessoribabyhouse.com\\\/#organization\",\"name\":\"Montessori Baby House\",\"alternateName\":\"MBH\",\"url\":\"https:\\\/\\\/montessoribabyhouse.com\\\/\",\"logo\":{\"@type\":\"ImageObject\",\"inLanguage\":\"en-GB\",\"@id\":\"https:\\\/\\\/montessoribabyhouse.com\\\/#\\\/schema\\\/logo\\\/image\\\/\",\"url\":\"https:\\\/\\\/montessoribabyhouse.com\\\/wp-content\\\/uploads\\\/2024\\\/04\\\/logo-cartel_hz.png\",\"contentUrl\":\"https:\\\/\\\/montessoribabyhouse.com\\\/wp-content\\\/uploads\\\/2024\\\/04\\\/logo-cartel_hz.png\",\"width\":1214,\"height\":328,\"caption\":\"Montessori Baby House\"},\"image\":{\"@id\":\"https:\\\/\\\/montessoribabyhouse.com\\\/#\\\/schema\\\/logo\\\/image\\\/\"},\"sameAs\":[\"https:\\\/\\\/www.facebook.com\\\/montessoribabyhouse\\\/\",\"https:\\\/\\\/x.com\\\/Montessoribaby2\",\"https:\\\/\\\/www.instagram.com\\\/montessoribabyhouse\\\/?hl=es\",\"https:\\\/\\\/www.linkedin.com\\\/company\\\/montessori-baby-house\\\/\",\"https:\\\/\\\/www.youtube.com\\\/channel\\\/UC5dNLgOVR6q2qZNQzK9sH0g\"]}]}<\/script>\n<!-- \/ Yoast SEO plugin. -->","yoast_head_json":{"title":"Pol\u00edtica de Cookies | montessoribabyhouse.com","robots":{"index":"index","follow":"follow","max-snippet":"max-snippet:-1","max-image-preview":"max-image-preview:large","max-video-preview":"max-video-preview:-1"},"canonical":"https:\/\/montessoribabyhouse.com\/en\/politica-de-cookies\/","og_locale":"en_GB","og_type":"article","og_title":"Pol\u00edtica de Cookies | montessoribabyhouse.com","og_description":"Este sitio web utiliza cookies. La LSSI obliga a los responsables de p\u00e1ginas web a informar y pedir el consentimiento del usuario para utilizar las cookies, aunque no todas las cookies necesitan el consentimiento del usuario para ser utilizadas. El objetivo de esta p\u00e1gina web es la de facilitarte informaci\u00f3n acerca del uso de cookies [&hellip;]","og_url":"https:\/\/montessoribabyhouse.com\/en\/politica-de-cookies\/","og_site_name":"montessoribabyhouse.com","article_publisher":"https:\/\/www.facebook.com\/montessoribabyhouse\/","og_image":[{"width":320,"height":320,"url":"https:\/\/montessoribabyhouse.com\/wp-content\/uploads\/2021\/08\/avatarinstagram.jpg","type":"image\/jpeg"}],"twitter_card":"summary_large_image","twitter_site":"@Montessoribaby2","schema":{"@context":"https:\/\/schema.org","@graph":[{"@type":"WebPage","@id":"https:\/\/montessoribabyhouse.com\/politica-de-cookies\/","url":"https:\/\/montessoribabyhouse.com\/politica-de-cookies\/","name":"Pol\u00edtica de Cookies | montessoribabyhouse.com","isPartOf":{"@id":"https:\/\/montessoribabyhouse.com\/#website"},"datePublished":"2024-05-19T15:57:08+00:00","breadcrumb":{"@id":"https:\/\/montessoribabyhouse.com\/politica-de-cookies\/#breadcrumb"},"inLanguage":"en-GB","potentialAction":[{"@type":"ReadAction","target":["https:\/\/montessoribabyhouse.com\/politica-de-cookies\/"]}]},{"@type":"BreadcrumbList","@id":"https:\/\/montessoribabyhouse.com\/politica-de-cookies\/#breadcrumb","itemListElement":[{"@type":"ListItem","position":1,"name":"Portada","item":"https:\/\/montessoribabyhouse.com\/"},{"@type":"ListItem","position":2,"name":"Pol\u00edtica de Cookies"}]},{"@type":"WebSite","@id":"https:\/\/montessoribabyhouse.com\/#website","url":"https:\/\/montessoribabyhouse.com\/","name":"Montessori Baby House","description":"Montessori Baby House es el primer centro triling\u00fce infantil en Espa\u00f1a que combina el concepto de educaci\u00f3n temprana con m\u00e9todos de probada eficacia en el aprendizaje","publisher":{"@id":"https:\/\/montessoribabyhouse.com\/#organization"},"alternateName":"MBH","potentialAction":[{"@type":"SearchAction","target":{"@type":"EntryPoint","urlTemplate":"https:\/\/montessoribabyhouse.com\/?s={search_term_string}"},"query-input":{"@type":"PropertyValueSpecification","valueRequired":true,"valueName":"search_term_string"}}],"inLanguage":"en-GB"},{"@type":"Organization","@id":"https:\/\/montessoribabyhouse.com\/#organization","name":"Montessori Baby House","alternateName":"MBH","url":"https:\/\/montessoribabyhouse.com\/","logo":{"@type":"ImageObject","inLanguage":"en-GB","@id":"https:\/\/montessoribabyhouse.com\/#\/schema\/logo\/image\/","url":"https:\/\/montessoribabyhouse.com\/wp-content\/uploads\/2024\/04\/logo-cartel_hz.png","contentUrl":"https:\/\/montessoribabyhouse.com\/wp-content\/uploads\/2024\/04\/logo-cartel_hz.png","width":1214,"height":328,"caption":"Montessori Baby House"},"image":{"@id":"https:\/\/montessoribabyhouse.com\/#\/schema\/logo\/image\/"},"sameAs":["https:\/\/www.facebook.com\/montessoribabyhouse\/","https:\/\/x.com\/Montessoribaby2","https:\/\/www.instagram.com\/montessoribabyhouse\/?hl=es","https:\/\/www.linkedin.com\/company\/montessori-baby-house\/","https:\/\/www.youtube.com\/channel\/UC5dNLgOVR6q2qZNQzK9sH0g"]}]}},"_links":{"self":[{"href":"https:\/\/montessoribabyhouse.com\/en\/wp-json\/wp\/v2\/pages\/1494","targetHints":{"allow":["GET"]}}],"collection":[{"href":"https:\/\/montessoribabyhouse.com\/en\/wp-json\/wp\/v2\/pages"}],"about":[{"href":"https:\/\/montessoribabyhouse.com\/en\/wp-json\/wp\/v2\/types\/page"}],"author":[{"embeddable":true,"href":"https:\/\/montessoribabyhouse.com\/en\/wp-json\/wp\/v2\/users\/1"}],"replies":[{"embeddable":true,"href":"https:\/\/montessoribabyhouse.com\/en\/wp-json\/wp\/v2\/comments?post=1494"}],"version-history":[{"count":1,"href":"https:\/\/montessoribabyhouse.com\/en\/wp-json\/wp\/v2\/pages\/1494\/revisions"}],"predecessor-version":[{"id":1495,"href":"https:\/\/montessoribabyhouse.com\/en\/wp-json\/wp\/v2\/pages\/1494\/revisions\/1495"}],"wp:attachment":[{"href":"https:\/\/montessoribabyhouse.com\/en\/wp-json\/wp\/v2\/media?parent=1494"}],"curies":[{"name":"wp","href":"https:\/\/api.w.org\/{rel}","templated":true}]}}