{"id":1483,"date":"2024-05-19T15:39:57","date_gmt":"2024-05-19T15:39:57","guid":{"rendered":"https:\/\/montessoribabyhouse.com\/?page_id=1483"},"modified":"2024-05-19T15:48:45","modified_gmt":"2024-05-19T15:48:45","slug":"declaracion-de-accesibilidad","status":"publish","type":"page","link":"https:\/\/montessoribabyhouse.com\/en\/declaracion-de-accesibilidad\/","title":{"rendered":"Declaraci\u00f3n de accesibilidad"},"content":{"rendered":"<h1>Declaraci\u00f3n de accesibilidad de Montessori Baby House<\/h1>\n<p>Resultado:\u00a0<span class=\"rojo\">Parcialmente conforme<\/span><\/p>\n<p>Montessori Baby House\u00a0se ha comprometido a hacer accesible su sitio web de conformidad con el <a href=\"https:\/\/www.boe.es\/boe\/dias\/2018\/09\/19\/pdfs\/BOE-A-2018-12699.pdf\">Real Decreto 1112\/2018, de 7 de septiembre<\/a>.<\/p>\n<p>A fecha de 27\/02\/2023,\u00a0 Edict Technologies ha realizado una auditor\u00eda de accesibilidad del sitio <a href=\"https:\/\/montessoribabyhouse.com\/en\/\">https:\/\/montessoribabyhouse.com\/<\/a> siguiendo la metodolog\u00eda establecida en la norma UNE-EN 301549:2022<\/p>\n<p>El resultado de la auditor\u00eda es\u00a0<strong>parcialmente conforme<\/strong>\u00a0con el RD 1112\/2018 y la norma UNE-EN 301549:2022 debido a las excepciones y a\u00a0la falta de conformidad que se detallan en el informe descargable<\/p>\n<table>\n<thead>\n<tr>\n<td colspan=\"2\"><\/td>\n<\/tr>\n<\/thead>\n<tbody>\n<tr>\n<td>Fecha de la conformidad<\/td>\n<td>27\/02\/2023<\/td>\n<\/tr>\n<tr>\n<td>Versi\u00f3n<\/td>\n<td>UNE-EN 301549:2022<\/td>\n<\/tr>\n<tr>\n<td>Uri<\/td>\n<td><a href=\"https:\/\/www.etsi.org\/deliver\/etsi_en\/301500_301599\/301549\/03.02.01_60\/en_301549v030201p.pdf\" target=\"_blank\" rel=\"noopener\">Descargar<\/a><\/td>\n<\/tr>\n<tr>\n<td>Nivel de cumplimiento<\/td>\n<td>AA<\/td>\n<\/tr>\n<\/tbody>\n<\/table>\n<table>\n<thead>\n<tr>\n<td>Alcance de la declaraci\u00f3n<\/td>\n<\/tr>\n<\/thead>\n<tbody>\n<tr>\n<td>Todo el contenido de la web p\u00fablica<\/td>\n<\/tr>\n<\/tbody>\n<\/table>\n<table>\n<thead>\n<tr>\n<td colspan=\"3\">P\u00e1ginas de la muestra<\/td>\n<\/tr>\n<tr>\n<td>T\u00edtulo<\/td>\n<td>Uri<\/td>\n<\/tr>\n<\/thead>\n<tbody>\n<tr>\n<td>Inicio<\/td>\n<td>https:\/\/montessoribabyhouse.com\/<\/td>\n<\/tr>\n<tr>\n<td>Servicios<\/td>\n<td>https:\/\/montessoribabyhouse.com\/metodologia\/<\/td>\n<\/tr>\n<tr>\n<td>Contacto<\/td>\n<td>https:\/\/montessoribabyhouse.com\/contacto\/<\/td>\n<\/tr>\n<tr>\n<td><\/td>\n<td><\/td>\n<\/tr>\n<\/tbody>\n<\/table>\n<table>\n<thead>\n<tr>\n<td colspan=\"2\">Tecnolog\u00edas presentes<\/td>\n<\/tr>\n<\/thead>\n<tbody>\n<tr>\n<td>CSS<\/td>\n<td>http:\/\/www.w3.org\/Style\/CSS\/specs\/<\/td>\n<\/tr>\n<tr>\n<td>HTML5<\/td>\n<td>http:\/\/www.w3.org\/TR\/html5\/<\/td>\n<\/tr>\n<tr>\n<td>WAI-ARIA<\/td>\n<td>https:\/\/www.w3.org\/TR\/wai-aria\/<\/td>\n<\/tr>\n<tr>\n<td>WordPress<\/td>\n<td>https:\/\/wordpress.com\/es\/<\/td>\n<\/tr>\n<tr>\n<td>javascript<\/td>\n<td>https:\/\/developer.mozilla.org\/es\/docs\/Web\/JavaScript<\/td>\n<\/tr>\n<\/tbody>\n<\/table>\n<table>\n<thead>\n<tr>\n<td>Herramientas utilizadas<\/td>\n<\/tr>\n<\/thead>\n<tbody>\n<tr>\n<td>Browser DevTools\/Inspector<\/td>\n<\/tr>\n<tr>\n<td>HTML Validation<\/td>\n<\/tr>\n<tr>\n<td>Keyboard only<\/td>\n<\/tr>\n<tr>\n<td>VoiceOver Screen Reader<\/td>\n<\/tr>\n<tr>\n<td>WAVE Browser Extension<\/td>\n<\/tr>\n<tr>\n<td>ZoomText Fusion<\/td>\n<\/tr>\n<\/tbody>\n<\/table>\n<table>\n<thead>\n<tr>\n<td>Agentes de usuario empleados<\/td>\n<\/tr>\n<\/thead>\n<tbody>\n<tr>\n<td>Chrome &#8211; Latest<\/td>\n<\/tr>\n<tr>\n<td>Chrome for Android<\/td>\n<\/tr>\n<tr>\n<td>Edge &#8211; Latest<\/td>\n<\/tr>\n<tr>\n<td>Firefox &#8211; Latest<\/td>\n<\/tr>\n<\/tbody>\n<\/table>\n<section>\n<h2>Contacto<\/h2>\n<p>Puede realizar comunicaciones sobre requisitos de accesibilidad (art\u00edculo 10.2.a) del RD 1112\/2018 como por ejemplo:<\/p>\n<ul>\n<li>Informar sobre cualquier posible cumplimiento por parte de este sitio web<\/li>\n<li>Transmitir otras dificultades de acceso al contenido<\/li>\n<li>Formular cualquier otra consulta o sugerencia de mejora relativa a la accesibilidad del sitio web<\/li>\n<\/ul>\n<p>A trav\u00e9s de la cuenta de correo info@montessoribabyhouse.com<\/p>\n<\/section>\n<h2>Descargar informes<\/h2>\n<p><a href=\"https:\/\/montessoribabyhouse.com\/wp-content\/uploads\/2024\/05\/Informe-Accesibilidad-MBH_240519.pdf\" target=\"_blank\" rel=\"noopener\">Descargar informe<\/a><\/p>","protected":false},"excerpt":{"rendered":"<p>Declaraci\u00f3n de accesibilidad de Montessori Baby House Resultado:\u00a0Parcialmente conforme Montessori Baby House\u00a0se ha comprometido a hacer accesible su sitio web de conformidad con el Real Decreto 1112\/2018, de 7 de septiembre. A fecha de 27\/02\/2023,\u00a0 Edict Technologies ha realizado una auditor\u00eda de accesibilidad del sitio https:\/\/montessoribabyhouse.com\/ siguiendo la metodolog\u00eda establecida en la norma UNE-EN 301549:2022 [&hellip;]<\/p>\n","protected":false},"author":1,"featured_media":0,"parent":0,"menu_order":0,"comment_status":"closed","ping_status":"closed","template":"","meta":{"_et_pb_use_builder":"","_et_pb_old_content":"","_et_gb_content_width":"","_joinchat":[],"footnotes":""},"class_list":["post-1483","page","type-page","status-publish","hentry"],"yoast_head":"<!-- This site is optimized with the Yoast SEO plugin v27.3 - https:\/\/yoast.com\/product\/yoast-seo-wordpress\/ -->\n<title>Declaraci\u00f3n de accesibilidad | montessoribabyhouse.com<\/title>\n<meta name=\"robots\" content=\"index, follow, max-snippet:-1, max-image-preview:large, max-video-preview:-1\" \/>\n<link rel=\"canonical\" href=\"https:\/\/montessoribabyhouse.com\/en\/declaracion-de-accesibilidad\/\" \/>\n<meta property=\"og:locale\" content=\"en_GB\" \/>\n<meta property=\"og:type\" content=\"article\" \/>\n<meta property=\"og:title\" content=\"Declaraci\u00f3n de accesibilidad | montessoribabyhouse.com\" \/>\n<meta property=\"og:description\" content=\"Declaraci\u00f3n de accesibilidad de Montessori Baby House Resultado:\u00a0Parcialmente conforme Montessori Baby House\u00a0se ha comprometido a hacer accesible su sitio web de conformidad con el Real Decreto 1112\/2018, de 7 de septiembre. A fecha de 27\/02\/2023,\u00a0 Edict Technologies ha realizado una auditor\u00eda de accesibilidad del sitio https:\/\/montessoribabyhouse.com\/ siguiendo la metodolog\u00eda establecida en la norma UNE-EN 301549:2022 [&hellip;]\" \/>\n<meta property=\"og:url\" content=\"https:\/\/montessoribabyhouse.com\/en\/declaracion-de-accesibilidad\/\" \/>\n<meta property=\"og:site_name\" content=\"montessoribabyhouse.com\" \/>\n<meta property=\"article:publisher\" content=\"https:\/\/www.facebook.com\/montessoribabyhouse\/\" \/>\n<meta property=\"article:modified_time\" content=\"2024-05-19T15:48:45+00:00\" \/>\n<meta property=\"og:image\" content=\"https:\/\/montessoribabyhouse.com\/wp-content\/uploads\/2021\/08\/avatarinstagram.jpg\" \/>\n\t<meta property=\"og:image:width\" content=\"320\" \/>\n\t<meta property=\"og:image:height\" content=\"320\" \/>\n\t<meta property=\"og:image:type\" content=\"image\/jpeg\" \/>\n<meta name=\"twitter:card\" content=\"summary_large_image\" \/>\n<meta name=\"twitter:site\" content=\"@Montessoribaby2\" \/>\n<meta name=\"twitter:label1\" content=\"Estimated reading time\" \/>\n\t<meta name=\"twitter:data1\" content=\"2 minutes\" \/>\n<script type=\"application\/ld+json\" class=\"yoast-schema-graph\">{\"@context\":\"https:\\\/\\\/schema.org\",\"@graph\":[{\"@type\":\"WebPage\",\"@id\":\"https:\\\/\\\/montessoribabyhouse.com\\\/declaracion-de-accesibilidad\\\/\",\"url\":\"https:\\\/\\\/montessoribabyhouse.com\\\/declaracion-de-accesibilidad\\\/\",\"name\":\"Declaraci\u00f3n de accesibilidad | montessoribabyhouse.com\",\"isPartOf\":{\"@id\":\"https:\\\/\\\/montessoribabyhouse.com\\\/#website\"},\"datePublished\":\"2024-05-19T15:39:57+00:00\",\"dateModified\":\"2024-05-19T15:48:45+00:00\",\"breadcrumb\":{\"@id\":\"https:\\\/\\\/montessoribabyhouse.com\\\/declaracion-de-accesibilidad\\\/#breadcrumb\"},\"inLanguage\":\"en-GB\",\"potentialAction\":[{\"@type\":\"ReadAction\",\"target\":[\"https:\\\/\\\/montessoribabyhouse.com\\\/declaracion-de-accesibilidad\\\/\"]}]},{\"@type\":\"BreadcrumbList\",\"@id\":\"https:\\\/\\\/montessoribabyhouse.com\\\/declaracion-de-accesibilidad\\\/#breadcrumb\",\"itemListElement\":[{\"@type\":\"ListItem\",\"position\":1,\"name\":\"Portada\",\"item\":\"https:\\\/\\\/montessoribabyhouse.com\\\/\"},{\"@type\":\"ListItem\",\"position\":2,\"name\":\"Declaraci\u00f3n de accesibilidad\"}]},{\"@type\":\"WebSite\",\"@id\":\"https:\\\/\\\/montessoribabyhouse.com\\\/#website\",\"url\":\"https:\\\/\\\/montessoribabyhouse.com\\\/\",\"name\":\"Montessori Baby House\",\"description\":\"Montessori Baby House es el primer centro triling\u00fce infantil en Espa\u00f1a que combina el concepto de educaci\u00f3n temprana con m\u00e9todos de probada eficacia en el aprendizaje\",\"publisher\":{\"@id\":\"https:\\\/\\\/montessoribabyhouse.com\\\/#organization\"},\"alternateName\":\"MBH\",\"potentialAction\":[{\"@type\":\"SearchAction\",\"target\":{\"@type\":\"EntryPoint\",\"urlTemplate\":\"https:\\\/\\\/montessoribabyhouse.com\\\/?s={search_term_string}\"},\"query-input\":{\"@type\":\"PropertyValueSpecification\",\"valueRequired\":true,\"valueName\":\"search_term_string\"}}],\"inLanguage\":\"en-GB\"},{\"@type\":\"Organization\",\"@id\":\"https:\\\/\\\/montessoribabyhouse.com\\\/#organization\",\"name\":\"Montessori Baby House\",\"alternateName\":\"MBH\",\"url\":\"https:\\\/\\\/montessoribabyhouse.com\\\/\",\"logo\":{\"@type\":\"ImageObject\",\"inLanguage\":\"en-GB\",\"@id\":\"https:\\\/\\\/montessoribabyhouse.com\\\/#\\\/schema\\\/logo\\\/image\\\/\",\"url\":\"https:\\\/\\\/montessoribabyhouse.com\\\/wp-content\\\/uploads\\\/2024\\\/04\\\/logo-cartel_hz.png\",\"contentUrl\":\"https:\\\/\\\/montessoribabyhouse.com\\\/wp-content\\\/uploads\\\/2024\\\/04\\\/logo-cartel_hz.png\",\"width\":1214,\"height\":328,\"caption\":\"Montessori Baby House\"},\"image\":{\"@id\":\"https:\\\/\\\/montessoribabyhouse.com\\\/#\\\/schema\\\/logo\\\/image\\\/\"},\"sameAs\":[\"https:\\\/\\\/www.facebook.com\\\/montessoribabyhouse\\\/\",\"https:\\\/\\\/x.com\\\/Montessoribaby2\",\"https:\\\/\\\/www.instagram.com\\\/montessoribabyhouse\\\/?hl=es\",\"https:\\\/\\\/www.linkedin.com\\\/company\\\/montessori-baby-house\\\/\",\"https:\\\/\\\/www.youtube.com\\\/channel\\\/UC5dNLgOVR6q2qZNQzK9sH0g\"]}]}<\/script>\n<!-- \/ Yoast SEO plugin. -->","yoast_head_json":{"title":"Declaraci\u00f3n de accesibilidad | montessoribabyhouse.com","robots":{"index":"index","follow":"follow","max-snippet":"max-snippet:-1","max-image-preview":"max-image-preview:large","max-video-preview":"max-video-preview:-1"},"canonical":"https:\/\/montessoribabyhouse.com\/en\/declaracion-de-accesibilidad\/","og_locale":"en_GB","og_type":"article","og_title":"Declaraci\u00f3n de accesibilidad | montessoribabyhouse.com","og_description":"Declaraci\u00f3n de accesibilidad de Montessori Baby House Resultado:\u00a0Parcialmente conforme Montessori Baby House\u00a0se ha comprometido a hacer accesible su sitio web de conformidad con el Real Decreto 1112\/2018, de 7 de septiembre. A fecha de 27\/02\/2023,\u00a0 Edict Technologies ha realizado una auditor\u00eda de accesibilidad del sitio https:\/\/montessoribabyhouse.com\/ siguiendo la metodolog\u00eda establecida en la norma UNE-EN 301549:2022 [&hellip;]","og_url":"https:\/\/montessoribabyhouse.com\/en\/declaracion-de-accesibilidad\/","og_site_name":"montessoribabyhouse.com","article_publisher":"https:\/\/www.facebook.com\/montessoribabyhouse\/","article_modified_time":"2024-05-19T15:48:45+00:00","og_image":[{"width":320,"height":320,"url":"https:\/\/montessoribabyhouse.com\/wp-content\/uploads\/2021\/08\/avatarinstagram.jpg","type":"image\/jpeg"}],"twitter_card":"summary_large_image","twitter_site":"@Montessoribaby2","twitter_misc":{"Estimated reading time":"2 minutes"},"schema":{"@context":"https:\/\/schema.org","@graph":[{"@type":"WebPage","@id":"https:\/\/montessoribabyhouse.com\/declaracion-de-accesibilidad\/","url":"https:\/\/montessoribabyhouse.com\/declaracion-de-accesibilidad\/","name":"Declaraci\u00f3n de accesibilidad | montessoribabyhouse.com","isPartOf":{"@id":"https:\/\/montessoribabyhouse.com\/#website"},"datePublished":"2024-05-19T15:39:57+00:00","dateModified":"2024-05-19T15:48:45+00:00","breadcrumb":{"@id":"https:\/\/montessoribabyhouse.com\/declaracion-de-accesibilidad\/#breadcrumb"},"inLanguage":"en-GB","potentialAction":[{"@type":"ReadAction","target":["https:\/\/montessoribabyhouse.com\/declaracion-de-accesibilidad\/"]}]},{"@type":"BreadcrumbList","@id":"https:\/\/montessoribabyhouse.com\/declaracion-de-accesibilidad\/#breadcrumb","itemListElement":[{"@type":"ListItem","position":1,"name":"Portada","item":"https:\/\/montessoribabyhouse.com\/"},{"@type":"ListItem","position":2,"name":"Declaraci\u00f3n de accesibilidad"}]},{"@type":"WebSite","@id":"https:\/\/montessoribabyhouse.com\/#website","url":"https:\/\/montessoribabyhouse.com\/","name":"Montessori Baby House","description":"Montessori Baby House es el primer centro triling\u00fce infantil en Espa\u00f1a que combina el concepto de educaci\u00f3n temprana con m\u00e9todos de probada eficacia en el aprendizaje","publisher":{"@id":"https:\/\/montessoribabyhouse.com\/#organization"},"alternateName":"MBH","potentialAction":[{"@type":"SearchAction","target":{"@type":"EntryPoint","urlTemplate":"https:\/\/montessoribabyhouse.com\/?s={search_term_string}"},"query-input":{"@type":"PropertyValueSpecification","valueRequired":true,"valueName":"search_term_string"}}],"inLanguage":"en-GB"},{"@type":"Organization","@id":"https:\/\/montessoribabyhouse.com\/#organization","name":"Montessori Baby House","alternateName":"MBH","url":"https:\/\/montessoribabyhouse.com\/","logo":{"@type":"ImageObject","inLanguage":"en-GB","@id":"https:\/\/montessoribabyhouse.com\/#\/schema\/logo\/image\/","url":"https:\/\/montessoribabyhouse.com\/wp-content\/uploads\/2024\/04\/logo-cartel_hz.png","contentUrl":"https:\/\/montessoribabyhouse.com\/wp-content\/uploads\/2024\/04\/logo-cartel_hz.png","width":1214,"height":328,"caption":"Montessori Baby House"},"image":{"@id":"https:\/\/montessoribabyhouse.com\/#\/schema\/logo\/image\/"},"sameAs":["https:\/\/www.facebook.com\/montessoribabyhouse\/","https:\/\/x.com\/Montessoribaby2","https:\/\/www.instagram.com\/montessoribabyhouse\/?hl=es","https:\/\/www.linkedin.com\/company\/montessori-baby-house\/","https:\/\/www.youtube.com\/channel\/UC5dNLgOVR6q2qZNQzK9sH0g"]}]}},"_links":{"self":[{"href":"https:\/\/montessoribabyhouse.com\/en\/wp-json\/wp\/v2\/pages\/1483","targetHints":{"allow":["GET"]}}],"collection":[{"href":"https:\/\/montessoribabyhouse.com\/en\/wp-json\/wp\/v2\/pages"}],"about":[{"href":"https:\/\/montessoribabyhouse.com\/en\/wp-json\/wp\/v2\/types\/page"}],"author":[{"embeddable":true,"href":"https:\/\/montessoribabyhouse.com\/en\/wp-json\/wp\/v2\/users\/1"}],"replies":[{"embeddable":true,"href":"https:\/\/montessoribabyhouse.com\/en\/wp-json\/wp\/v2\/comments?post=1483"}],"version-history":[{"count":2,"href":"https:\/\/montessoribabyhouse.com\/en\/wp-json\/wp\/v2\/pages\/1483\/revisions"}],"predecessor-version":[{"id":1487,"href":"https:\/\/montessoribabyhouse.com\/en\/wp-json\/wp\/v2\/pages\/1483\/revisions\/1487"}],"wp:attachment":[{"href":"https:\/\/montessoribabyhouse.com\/en\/wp-json\/wp\/v2\/media?parent=1483"}],"curies":[{"name":"wp","href":"https:\/\/api.w.org\/{rel}","templated":true}]}}